{"id":6308,"date":"2023-09-23T11:30:53","date_gmt":"2023-09-23T03:30:53","guid":{"rendered":"https:\/\/crisscrossauto.com\/?post_type=product&#038;p=6308"},"modified":"2023-10-10T18:13:39","modified_gmt":"2023-10-10T10:13:39","slug":"roewe-clever","status":"publish","type":"product","link":"https:\/\/crisscrossauto.com\/fr\/produit\/roewe-clever\/","title":{"rendered":"Roewe Clever EV"},"content":{"rendered":"","protected":false},"excerpt":{"rendered":"<p>Toutes les vid\u00e9os et photos sont prot\u00e9g\u00e9es par les droits d'auteur du Groupe SAIC.<\/p>","protected":false},"featured_media":22439,"comment_status":"open","ping_status":"closed","template":"","meta":[],"product_brand":[],"product_cat":[74,102,54,40,34,111,37],"product_tag":[240,196],"class_list":{"0":"post-6308","1":"product","2":"type-product","3":"status-publish","4":"has-post-thumbnail","6":"product_cat-battery-electric-vehicles","7":"product_cat-budgeted","8":"product_cat-china","9":"product_cat-economy-small","10":"product_cat-evs","11":"product_cat-roewe","12":"product_cat-sedan-hatchback","13":"product_tag-electrified","14":"product_tag-roewe","15":"pa_powertrain-bev","17":"first","18":"instock","19":"taxable","20":"shipping-taxable","21":"purchasable","22":"product-type-variable"},"yoast_head":"<!-- This site is optimized with the Yoast SEO plugin v27.4 - https:\/\/yoast.com\/product\/yoast-seo-wordpress\/ -->\n<title>Roewe Clever EV - Crisscross Auto<\/title>\n<meta name=\"robots\" content=\"index, follow, max-snippet:-1, max-image-preview:large, max-video-preview:-1\" \/>\n<link rel=\"canonical\" href=\"https:\/\/crisscrossauto.com\/fr\/produit\/roewe-clever\/\" \/>\n<meta property=\"og:locale\" content=\"fr_FR\" \/>\n<meta property=\"og:type\" content=\"article\" \/>\n<meta property=\"og:title\" content=\"Roewe Clever EV - Crisscross Auto\" \/>\n<meta property=\"og:description\" content=\"All videos and pics are copyrighted by SAIC Group.\" \/>\n<meta property=\"og:url\" content=\"https:\/\/crisscrossauto.com\/fr\/produit\/roewe-clever\/\" \/>\n<meta property=\"og:site_name\" content=\"Crisscross Auto\" \/>\n<meta property=\"article:publisher\" content=\"https:\/\/www.facebook.com\/profile.php?id=61553482477688\" \/>\n<meta property=\"article:modified_time\" content=\"2023-10-10T10:13:39+00:00\" \/>\n<meta property=\"og:image\" content=\"https:\/\/crisscrossauto.com\/wp-content\/uploads\/2023\/09\/clever.jpg\" \/>\n\t<meta property=\"og:image:width\" content=\"666\" \/>\n\t<meta property=\"og:image:height\" content=\"712\" \/>\n\t<meta property=\"og:image:type\" content=\"image\/jpeg\" \/>\n<meta name=\"twitter:card\" content=\"summary_large_image\" \/>\n<meta name=\"twitter:site\" content=\"@CCAuto1123\" \/>\n<script type=\"application\/ld+json\" class=\"yoast-schema-graph\">{\"@context\":\"https:\\\/\\\/schema.org\",\"@graph\":[{\"@type\":\"WebPage\",\"@id\":\"https:\\\/\\\/crisscrossauto.com\\\/product\\\/roewe-clever\\\/\",\"url\":\"https:\\\/\\\/crisscrossauto.com\\\/product\\\/roewe-clever\\\/\",\"name\":\"Roewe Clever EV - Crisscross Auto\",\"isPartOf\":{\"@id\":\"https:\\\/\\\/crisscrossauto.com\\\/#website\"},\"primaryImageOfPage\":{\"@id\":\"https:\\\/\\\/crisscrossauto.com\\\/product\\\/roewe-clever\\\/#primaryimage\"},\"image\":{\"@id\":\"https:\\\/\\\/crisscrossauto.com\\\/product\\\/roewe-clever\\\/#primaryimage\"},\"thumbnailUrl\":\"https:\\\/\\\/crisscrossauto.com\\\/wp-content\\\/uploads\\\/2023\\\/09\\\/clever.jpg\",\"datePublished\":\"2023-09-23T03:30:53+00:00\",\"dateModified\":\"2023-10-10T10:13:39+00:00\",\"breadcrumb\":{\"@id\":\"https:\\\/\\\/crisscrossauto.com\\\/product\\\/roewe-clever\\\/#breadcrumb\"},\"inLanguage\":\"fr-FR\",\"potentialAction\":[{\"@type\":\"ReadAction\",\"target\":[\"https:\\\/\\\/crisscrossauto.com\\\/product\\\/roewe-clever\\\/\"]}]},{\"@type\":\"ImageObject\",\"inLanguage\":\"fr-FR\",\"@id\":\"https:\\\/\\\/crisscrossauto.com\\\/product\\\/roewe-clever\\\/#primaryimage\",\"url\":\"https:\\\/\\\/crisscrossauto.com\\\/wp-content\\\/uploads\\\/2023\\\/09\\\/clever.jpg\",\"contentUrl\":\"https:\\\/\\\/crisscrossauto.com\\\/wp-content\\\/uploads\\\/2023\\\/09\\\/clever.jpg\",\"width\":666,\"height\":712},{\"@type\":\"BreadcrumbList\",\"@id\":\"https:\\\/\\\/crisscrossauto.com\\\/product\\\/roewe-clever\\\/#breadcrumb\",\"itemListElement\":[{\"@type\":\"ListItem\",\"position\":1,\"name\":\"Home\",\"item\":\"https:\\\/\\\/crisscrossauto.com\\\/\"},{\"@type\":\"ListItem\",\"position\":2,\"name\":\"Products\",\"item\":\"https:\\\/\\\/crisscrossauto.com\\\/product\\\/\"},{\"@type\":\"ListItem\",\"position\":3,\"name\":\"Roewe Clever EV\"}]},{\"@type\":\"WebSite\",\"@id\":\"https:\\\/\\\/crisscrossauto.com\\\/#website\",\"url\":\"https:\\\/\\\/crisscrossauto.com\\\/\",\"name\":\"Crisscross Auto\",\"description\":\"Your Gateway to China Car Selections\",\"publisher\":{\"@id\":\"https:\\\/\\\/crisscrossauto.com\\\/#organization\"},\"alternateName\":\"CrissCross\",\"potentialAction\":[{\"@type\":\"SearchAction\",\"target\":{\"@type\":\"EntryPoint\",\"urlTemplate\":\"https:\\\/\\\/crisscrossauto.com\\\/?s={search_term_string}\"},\"query-input\":{\"@type\":\"PropertyValueSpecification\",\"valueRequired\":true,\"valueName\":\"search_term_string\"}}],\"inLanguage\":\"fr-FR\"},{\"@type\":\"Organization\",\"@id\":\"https:\\\/\\\/crisscrossauto.com\\\/#organization\",\"name\":\"Crisscross Auto\",\"url\":\"https:\\\/\\\/crisscrossauto.com\\\/\",\"logo\":{\"@type\":\"ImageObject\",\"inLanguage\":\"fr-FR\",\"@id\":\"https:\\\/\\\/crisscrossauto.com\\\/#\\\/schema\\\/logo\\\/image\\\/\",\"url\":\"https:\\\/\\\/crisscrossauto.com\\\/wp-content\\\/uploads\\\/2023\\\/11\\\/logo-original.png\",\"contentUrl\":\"https:\\\/\\\/crisscrossauto.com\\\/wp-content\\\/uploads\\\/2023\\\/11\\\/logo-original.png\",\"width\":300,\"height\":300,\"caption\":\"Crisscross Auto\"},\"image\":{\"@id\":\"https:\\\/\\\/crisscrossauto.com\\\/#\\\/schema\\\/logo\\\/image\\\/\"},\"sameAs\":[\"https:\\\/\\\/www.facebook.com\\\/profile.php?id=61553482477688\",\"https:\\\/\\\/x.com\\\/CCAuto1123\",\"https:\\\/\\\/www.pinterest.com\\\/ccauto1123\"]}]}<\/script>\n<!-- \/ Yoast SEO plugin. -->","yoast_head_json":{"title":"Roewe Clever EV - Crisscross Auto","robots":{"index":"index","follow":"follow","max-snippet":"max-snippet:-1","max-image-preview":"max-image-preview:large","max-video-preview":"max-video-preview:-1"},"canonical":"https:\/\/crisscrossauto.com\/fr\/produit\/roewe-clever\/","og_locale":"fr_FR","og_type":"article","og_title":"Roewe Clever EV - Crisscross Auto","og_description":"All videos and pics are copyrighted by SAIC Group.","og_url":"https:\/\/crisscrossauto.com\/fr\/produit\/roewe-clever\/","og_site_name":"Crisscross Auto","article_publisher":"https:\/\/www.facebook.com\/profile.php?id=61553482477688","article_modified_time":"2023-10-10T10:13:39+00:00","og_image":[{"width":666,"height":712,"url":"https:\/\/crisscrossauto.com\/wp-content\/uploads\/2023\/09\/clever.jpg","type":"image\/jpeg"}],"twitter_card":"summary_large_image","twitter_site":"@CCAuto1123","schema":{"@context":"https:\/\/schema.org","@graph":[{"@type":"WebPage","@id":"https:\/\/crisscrossauto.com\/product\/roewe-clever\/","url":"https:\/\/crisscrossauto.com\/product\/roewe-clever\/","name":"Roewe Clever EV - Crisscross Auto","isPartOf":{"@id":"https:\/\/crisscrossauto.com\/#website"},"primaryImageOfPage":{"@id":"https:\/\/crisscrossauto.com\/product\/roewe-clever\/#primaryimage"},"image":{"@id":"https:\/\/crisscrossauto.com\/product\/roewe-clever\/#primaryimage"},"thumbnailUrl":"https:\/\/crisscrossauto.com\/wp-content\/uploads\/2023\/09\/clever.jpg","datePublished":"2023-09-23T03:30:53+00:00","dateModified":"2023-10-10T10:13:39+00:00","breadcrumb":{"@id":"https:\/\/crisscrossauto.com\/product\/roewe-clever\/#breadcrumb"},"inLanguage":"fr-FR","potentialAction":[{"@type":"ReadAction","target":["https:\/\/crisscrossauto.com\/product\/roewe-clever\/"]}]},{"@type":"ImageObject","inLanguage":"fr-FR","@id":"https:\/\/crisscrossauto.com\/product\/roewe-clever\/#primaryimage","url":"https:\/\/crisscrossauto.com\/wp-content\/uploads\/2023\/09\/clever.jpg","contentUrl":"https:\/\/crisscrossauto.com\/wp-content\/uploads\/2023\/09\/clever.jpg","width":666,"height":712},{"@type":"BreadcrumbList","@id":"https:\/\/crisscrossauto.com\/product\/roewe-clever\/#breadcrumb","itemListElement":[{"@type":"ListItem","position":1,"name":"Home","item":"https:\/\/crisscrossauto.com\/"},{"@type":"ListItem","position":2,"name":"Products","item":"https:\/\/crisscrossauto.com\/product\/"},{"@type":"ListItem","position":3,"name":"Roewe Clever EV"}]},{"@type":"WebSite","@id":"https:\/\/crisscrossauto.com\/#website","url":"https:\/\/crisscrossauto.com\/","name":"Crisscross Auto","description":"Your Gateway to China Car Selections","publisher":{"@id":"https:\/\/crisscrossauto.com\/#organization"},"alternateName":"CrissCross","potentialAction":[{"@type":"SearchAction","target":{"@type":"EntryPoint","urlTemplate":"https:\/\/crisscrossauto.com\/?s={search_term_string}"},"query-input":{"@type":"PropertyValueSpecification","valueRequired":true,"valueName":"search_term_string"}}],"inLanguage":"fr-FR"},{"@type":"Organization","@id":"https:\/\/crisscrossauto.com\/#organization","name":"Crisscross Auto","url":"https:\/\/crisscrossauto.com\/","logo":{"@type":"ImageObject","inLanguage":"fr-FR","@id":"https:\/\/crisscrossauto.com\/#\/schema\/logo\/image\/","url":"https:\/\/crisscrossauto.com\/wp-content\/uploads\/2023\/11\/logo-original.png","contentUrl":"https:\/\/crisscrossauto.com\/wp-content\/uploads\/2023\/11\/logo-original.png","width":300,"height":300,"caption":"Crisscross Auto"},"image":{"@id":"https:\/\/crisscrossauto.com\/#\/schema\/logo\/image\/"},"sameAs":["https:\/\/www.facebook.com\/profile.php?id=61553482477688","https:\/\/x.com\/CCAuto1123","https:\/\/www.pinterest.com\/ccauto1123"]}]}},"_links":{"self":[{"href":"https:\/\/crisscrossauto.com\/fr\/wp-json\/wp\/v2\/product\/6308","targetHints":{"allow":["GET"]}}],"collection":[{"href":"https:\/\/crisscrossauto.com\/fr\/wp-json\/wp\/v2\/product"}],"about":[{"href":"https:\/\/crisscrossauto.com\/fr\/wp-json\/wp\/v2\/types\/product"}],"replies":[{"embeddable":true,"href":"https:\/\/crisscrossauto.com\/fr\/wp-json\/wp\/v2\/comments?post=6308"}],"wp:featuredmedia":[{"embeddable":true,"href":"https:\/\/crisscrossauto.com\/fr\/wp-json\/wp\/v2\/media\/22439"}],"wp:attachment":[{"href":"https:\/\/crisscrossauto.com\/fr\/wp-json\/wp\/v2\/media?parent=6308"}],"wp:term":[{"taxonomy":"product_brand","embeddable":true,"href":"https:\/\/crisscrossauto.com\/fr\/wp-json\/wp\/v2\/product_brand?post=6308"},{"taxonomy":"product_cat","embeddable":true,"href":"https:\/\/crisscrossauto.com\/fr\/wp-json\/wp\/v2\/product_cat?post=6308"},{"taxonomy":"product_tag","embeddable":true,"href":"https:\/\/crisscrossauto.com\/fr\/wp-json\/wp\/v2\/product_tag?post=6308"}],"curies":[{"name":"wp","href":"https:\/\/api.w.org\/{rel}","templated":true}]}}