{"id":31613,"date":"2024-09-22T21:33:31","date_gmt":"2024-09-22T13:33:31","guid":{"rendered":"https:\/\/crisscrossauto.com\/?post_type=product&#038;p=31613"},"modified":"2024-09-22T21:58:19","modified_gmt":"2024-09-22T13:58:19","slug":"zeekr-007","status":"publish","type":"product","link":"https:\/\/crisscrossauto.com\/fr\/produit\/zeekr-007\/","title":{"rendered":"Zeekr 007"},"content":{"rendered":"","protected":false},"excerpt":{"rendered":"<p>Toutes les vid\u00e9os et images sont prot\u00e9g\u00e9es par le droit d'auteur de Zhejiang Zeekr Intelligence Technology Co, Limited.<\/p>","protected":false},"featured_media":31633,"comment_status":"open","ping_status":"closed","template":"","meta":[],"product_brand":[],"product_cat":[74,54,34,43,107,93,37,115],"product_tag":[240,221,224],"class_list":{"0":"post-31613","1":"product","2":"type-product","3":"status-publish","4":"has-post-thumbnail","6":"product_cat-battery-electric-vehicles","7":"product_cat-china","8":"product_cat-evs","9":"product_cat-full-size","10":"product_cat-geely","11":"product_cat-luxury","12":"product_cat-sedan-hatchback","13":"product_cat-zeekr","14":"product_tag-electrified","15":"product_tag-geely","16":"product_tag-zeekr","17":"pa_powertrain-bev","19":"first","20":"instock","21":"taxable","22":"shipping-taxable","23":"purchasable","24":"product-type-variable"},"yoast_head":"<!-- This site is optimized with the Yoast SEO plugin v27.4 - https:\/\/yoast.com\/product\/yoast-seo-wordpress\/ -->\n<title>Zeekr 007 - Crisscross Auto<\/title>\n<meta name=\"robots\" content=\"index, follow, max-snippet:-1, max-image-preview:large, max-video-preview:-1\" \/>\n<link rel=\"canonical\" href=\"https:\/\/crisscrossauto.com\/fr\/produit\/zeekr-007\/\" \/>\n<meta property=\"og:locale\" content=\"fr_FR\" \/>\n<meta property=\"og:type\" content=\"article\" \/>\n<meta property=\"og:title\" content=\"Zeekr 007 - Crisscross Auto\" \/>\n<meta property=\"og:description\" content=\"All videos and pics are copyrighted by Zhejiang Zeekr Intelligence Technology Co., Limited.\" \/>\n<meta property=\"og:url\" content=\"https:\/\/crisscrossauto.com\/fr\/produit\/zeekr-007\/\" \/>\n<meta property=\"og:site_name\" content=\"Crisscross Auto\" \/>\n<meta property=\"article:publisher\" content=\"https:\/\/www.facebook.com\/profile.php?id=61553482477688\" \/>\n<meta property=\"article:modified_time\" content=\"2024-09-22T13:58:19+00:00\" \/>\n<meta property=\"og:image\" content=\"https:\/\/crisscrossauto.com\/wp-content\/uploads\/2024\/09\/Zeekr-007-01.png\" \/>\n\t<meta property=\"og:image:width\" content=\"1020\" \/>\n\t<meta property=\"og:image:height\" content=\"1361\" \/>\n\t<meta property=\"og:image:type\" content=\"image\/png\" \/>\n<meta name=\"twitter:card\" content=\"summary_large_image\" \/>\n<meta name=\"twitter:site\" content=\"@CCAuto1123\" \/>\n<meta name=\"twitter:label1\" content=\"Dur\u00e9e de lecture estim\u00e9e\" \/>\n\t<meta name=\"twitter:data1\" content=\"1 minute\" \/>\n<script type=\"application\/ld+json\" class=\"yoast-schema-graph\">{\"@context\":\"https:\\\/\\\/schema.org\",\"@graph\":[{\"@type\":\"WebPage\",\"@id\":\"https:\\\/\\\/crisscrossauto.com\\\/product\\\/zeekr-007\\\/\",\"url\":\"https:\\\/\\\/crisscrossauto.com\\\/product\\\/zeekr-007\\\/\",\"name\":\"Zeekr 007 - Crisscross Auto\",\"isPartOf\":{\"@id\":\"https:\\\/\\\/crisscrossauto.com\\\/#website\"},\"primaryImageOfPage\":{\"@id\":\"https:\\\/\\\/crisscrossauto.com\\\/product\\\/zeekr-007\\\/#primaryimage\"},\"image\":{\"@id\":\"https:\\\/\\\/crisscrossauto.com\\\/product\\\/zeekr-007\\\/#primaryimage\"},\"thumbnailUrl\":\"https:\\\/\\\/crisscrossauto.com\\\/wp-content\\\/uploads\\\/2024\\\/09\\\/Zeekr-007-01.png\",\"datePublished\":\"2024-09-22T13:33:31+00:00\",\"dateModified\":\"2024-09-22T13:58:19+00:00\",\"breadcrumb\":{\"@id\":\"https:\\\/\\\/crisscrossauto.com\\\/product\\\/zeekr-007\\\/#breadcrumb\"},\"inLanguage\":\"fr-FR\",\"potentialAction\":[{\"@type\":\"ReadAction\",\"target\":[\"https:\\\/\\\/crisscrossauto.com\\\/product\\\/zeekr-007\\\/\"]}]},{\"@type\":\"ImageObject\",\"inLanguage\":\"fr-FR\",\"@id\":\"https:\\\/\\\/crisscrossauto.com\\\/product\\\/zeekr-007\\\/#primaryimage\",\"url\":\"https:\\\/\\\/crisscrossauto.com\\\/wp-content\\\/uploads\\\/2024\\\/09\\\/Zeekr-007-01.png\",\"contentUrl\":\"https:\\\/\\\/crisscrossauto.com\\\/wp-content\\\/uploads\\\/2024\\\/09\\\/Zeekr-007-01.png\",\"width\":1020,\"height\":1361},{\"@type\":\"BreadcrumbList\",\"@id\":\"https:\\\/\\\/crisscrossauto.com\\\/product\\\/zeekr-007\\\/#breadcrumb\",\"itemListElement\":[{\"@type\":\"ListItem\",\"position\":1,\"name\":\"Home\",\"item\":\"https:\\\/\\\/crisscrossauto.com\\\/\"},{\"@type\":\"ListItem\",\"position\":2,\"name\":\"Products\",\"item\":\"https:\\\/\\\/crisscrossauto.com\\\/product\\\/\"},{\"@type\":\"ListItem\",\"position\":3,\"name\":\"Zeekr 007\"}]},{\"@type\":\"WebSite\",\"@id\":\"https:\\\/\\\/crisscrossauto.com\\\/#website\",\"url\":\"https:\\\/\\\/crisscrossauto.com\\\/\",\"name\":\"Crisscross Auto\",\"description\":\"Your Gateway to China Car Selections\",\"publisher\":{\"@id\":\"https:\\\/\\\/crisscrossauto.com\\\/#organization\"},\"alternateName\":\"CrissCross\",\"potentialAction\":[{\"@type\":\"SearchAction\",\"target\":{\"@type\":\"EntryPoint\",\"urlTemplate\":\"https:\\\/\\\/crisscrossauto.com\\\/?s={search_term_string}\"},\"query-input\":{\"@type\":\"PropertyValueSpecification\",\"valueRequired\":true,\"valueName\":\"search_term_string\"}}],\"inLanguage\":\"fr-FR\"},{\"@type\":\"Organization\",\"@id\":\"https:\\\/\\\/crisscrossauto.com\\\/#organization\",\"name\":\"Crisscross Auto\",\"url\":\"https:\\\/\\\/crisscrossauto.com\\\/\",\"logo\":{\"@type\":\"ImageObject\",\"inLanguage\":\"fr-FR\",\"@id\":\"https:\\\/\\\/crisscrossauto.com\\\/#\\\/schema\\\/logo\\\/image\\\/\",\"url\":\"https:\\\/\\\/crisscrossauto.com\\\/wp-content\\\/uploads\\\/2023\\\/11\\\/logo-original.png\",\"contentUrl\":\"https:\\\/\\\/crisscrossauto.com\\\/wp-content\\\/uploads\\\/2023\\\/11\\\/logo-original.png\",\"width\":300,\"height\":300,\"caption\":\"Crisscross Auto\"},\"image\":{\"@id\":\"https:\\\/\\\/crisscrossauto.com\\\/#\\\/schema\\\/logo\\\/image\\\/\"},\"sameAs\":[\"https:\\\/\\\/www.facebook.com\\\/profile.php?id=61553482477688\",\"https:\\\/\\\/x.com\\\/CCAuto1123\",\"https:\\\/\\\/www.pinterest.com\\\/ccauto1123\"]}]}<\/script>\n<!-- \/ Yoast SEO plugin. -->","yoast_head_json":{"title":"Zeekr 007 - Crisscross Auto","robots":{"index":"index","follow":"follow","max-snippet":"max-snippet:-1","max-image-preview":"max-image-preview:large","max-video-preview":"max-video-preview:-1"},"canonical":"https:\/\/crisscrossauto.com\/fr\/produit\/zeekr-007\/","og_locale":"fr_FR","og_type":"article","og_title":"Zeekr 007 - Crisscross Auto","og_description":"All videos and pics are copyrighted by Zhejiang Zeekr Intelligence Technology Co., Limited.","og_url":"https:\/\/crisscrossauto.com\/fr\/produit\/zeekr-007\/","og_site_name":"Crisscross Auto","article_publisher":"https:\/\/www.facebook.com\/profile.php?id=61553482477688","article_modified_time":"2024-09-22T13:58:19+00:00","og_image":[{"width":1020,"height":1361,"url":"https:\/\/crisscrossauto.com\/wp-content\/uploads\/2024\/09\/Zeekr-007-01.png","type":"image\/png"}],"twitter_card":"summary_large_image","twitter_site":"@CCAuto1123","twitter_misc":{"Dur\u00e9e de lecture estim\u00e9e":"1 minute"},"schema":{"@context":"https:\/\/schema.org","@graph":[{"@type":"WebPage","@id":"https:\/\/crisscrossauto.com\/product\/zeekr-007\/","url":"https:\/\/crisscrossauto.com\/product\/zeekr-007\/","name":"Zeekr 007 - Crisscross Auto","isPartOf":{"@id":"https:\/\/crisscrossauto.com\/#website"},"primaryImageOfPage":{"@id":"https:\/\/crisscrossauto.com\/product\/zeekr-007\/#primaryimage"},"image":{"@id":"https:\/\/crisscrossauto.com\/product\/zeekr-007\/#primaryimage"},"thumbnailUrl":"https:\/\/crisscrossauto.com\/wp-content\/uploads\/2024\/09\/Zeekr-007-01.png","datePublished":"2024-09-22T13:33:31+00:00","dateModified":"2024-09-22T13:58:19+00:00","breadcrumb":{"@id":"https:\/\/crisscrossauto.com\/product\/zeekr-007\/#breadcrumb"},"inLanguage":"fr-FR","potentialAction":[{"@type":"ReadAction","target":["https:\/\/crisscrossauto.com\/product\/zeekr-007\/"]}]},{"@type":"ImageObject","inLanguage":"fr-FR","@id":"https:\/\/crisscrossauto.com\/product\/zeekr-007\/#primaryimage","url":"https:\/\/crisscrossauto.com\/wp-content\/uploads\/2024\/09\/Zeekr-007-01.png","contentUrl":"https:\/\/crisscrossauto.com\/wp-content\/uploads\/2024\/09\/Zeekr-007-01.png","width":1020,"height":1361},{"@type":"BreadcrumbList","@id":"https:\/\/crisscrossauto.com\/product\/zeekr-007\/#breadcrumb","itemListElement":[{"@type":"ListItem","position":1,"name":"Home","item":"https:\/\/crisscrossauto.com\/"},{"@type":"ListItem","position":2,"name":"Products","item":"https:\/\/crisscrossauto.com\/product\/"},{"@type":"ListItem","position":3,"name":"Zeekr 007"}]},{"@type":"WebSite","@id":"https:\/\/crisscrossauto.com\/#website","url":"https:\/\/crisscrossauto.com\/","name":"Crisscross Auto","description":"Your Gateway to China Car Selections","publisher":{"@id":"https:\/\/crisscrossauto.com\/#organization"},"alternateName":"CrissCross","potentialAction":[{"@type":"SearchAction","target":{"@type":"EntryPoint","urlTemplate":"https:\/\/crisscrossauto.com\/?s={search_term_string}"},"query-input":{"@type":"PropertyValueSpecification","valueRequired":true,"valueName":"search_term_string"}}],"inLanguage":"fr-FR"},{"@type":"Organization","@id":"https:\/\/crisscrossauto.com\/#organization","name":"Crisscross Auto","url":"https:\/\/crisscrossauto.com\/","logo":{"@type":"ImageObject","inLanguage":"fr-FR","@id":"https:\/\/crisscrossauto.com\/#\/schema\/logo\/image\/","url":"https:\/\/crisscrossauto.com\/wp-content\/uploads\/2023\/11\/logo-original.png","contentUrl":"https:\/\/crisscrossauto.com\/wp-content\/uploads\/2023\/11\/logo-original.png","width":300,"height":300,"caption":"Crisscross Auto"},"image":{"@id":"https:\/\/crisscrossauto.com\/#\/schema\/logo\/image\/"},"sameAs":["https:\/\/www.facebook.com\/profile.php?id=61553482477688","https:\/\/x.com\/CCAuto1123","https:\/\/www.pinterest.com\/ccauto1123"]}]}},"_links":{"self":[{"href":"https:\/\/crisscrossauto.com\/fr\/wp-json\/wp\/v2\/product\/31613","targetHints":{"allow":["GET"]}}],"collection":[{"href":"https:\/\/crisscrossauto.com\/fr\/wp-json\/wp\/v2\/product"}],"about":[{"href":"https:\/\/crisscrossauto.com\/fr\/wp-json\/wp\/v2\/types\/product"}],"replies":[{"embeddable":true,"href":"https:\/\/crisscrossauto.com\/fr\/wp-json\/wp\/v2\/comments?post=31613"}],"wp:featuredmedia":[{"embeddable":true,"href":"https:\/\/crisscrossauto.com\/fr\/wp-json\/wp\/v2\/media\/31633"}],"wp:attachment":[{"href":"https:\/\/crisscrossauto.com\/fr\/wp-json\/wp\/v2\/media?parent=31613"}],"wp:term":[{"taxonomy":"product_brand","embeddable":true,"href":"https:\/\/crisscrossauto.com\/fr\/wp-json\/wp\/v2\/product_brand?post=31613"},{"taxonomy":"product_cat","embeddable":true,"href":"https:\/\/crisscrossauto.com\/fr\/wp-json\/wp\/v2\/product_cat?post=31613"},{"taxonomy":"product_tag","embeddable":true,"href":"https:\/\/crisscrossauto.com\/fr\/wp-json\/wp\/v2\/product_tag?post=31613"}],"curies":[{"name":"wp","href":"https:\/\/api.w.org\/{rel}","templated":true}]}}